{"id":217219,"date":"2018-03-08T17:27:20","date_gmt":"2018-03-08T17:27:20","guid":{"rendered":"http:\/\/www.nautilus-lanzarote.com\/wordpress\/location\/"},"modified":"2020-02-12T10:13:47","modified_gmt":"2020-02-12T10:13:47","slug":"location","status":"publish","type":"page","link":"https:\/\/www.nautilus-lanzarote.com\/es\/location\/","title":{"rendered":"Ubicaci\u00f3n"},"content":{"rendered":"[et_pb_section fb_built=\u00bb1&#8243; fullwidth=\u00bbon\u00bb _builder_version=\u00bb3.17.6&#8243; top_divider_height=\u00bb61px\u00bb bottom_divider_height=\u00bb61px\u00bb][et_pb_fullwidth_post_title meta=\u00bboff\u00bb featured_image=\u00bboff\u00bb _builder_version=\u00bb3.17.6&#8243; title_font=\u00bbMontserrat||||||||\u00bb title_font_size=\u00bb35px\u00bb text_orientation=\u00bbcenter\u00bb custom_margin=\u00bb-35px||\u00bb][\/et_pb_fullwidth_post_title][et_pb_fullwidth_map google_api_key=\u00bbAIzaSyDHpiCC-bXzfCwYv7McEbf95AcuAu1VHQk\u00bb address=\u00bbCalle Gramillo, 4, 35519 T\u00edas, Las Palmas, Espa\u00f1a\u00bb zoom_level=\u00bb16&#8243; address_lat=\u00bb28.9326405&#8243; address_lng=\u00bb-13.6204344&#8243; mouse_wheel=\u00bboff\u00bb _builder_version=\u00bb3.17.6&#8243; child_filter_hue_rotate=\u00bb329deg\u00bb child_filter_saturate=\u00bb16%\u00bb][et_pb_map_pin pin_address=\u00bbCalle Mato, 5, 35519 T\u00edas, Las Palmas, Espa\u00f1a\u00bb zoom_level=\u00bb16&#8243; pin_address_lat=\u00bb28.9339958&#8243; pin_address_lng=\u00bb-13.6195066&#8243; _builder_version=\u00bb3.17.6&#8243;]\n<p style=\"text-align: center;\"><strong>NAUTILUS LANZAROTE ****<\/strong><\/p>\n<div class=\"row detail\">\n<div class=\"col-xs-11\" style=\"text-align: center;\"><span class=\"details-contact-txt ng-binding\">Calle Gramillo, 5 Urb Matagorda, Puerto del Carmen, Lanzarote, Tias, 35510, Espa\u00f1a<\/span><\/div>\n<\/div>\n<div class=\"row detail\" style=\"text-align: center;\">\n<div class=\"col-xs-1\">&nbsp;<\/div>\n<div class=\"col-xs-11\"><span class=\"details-contact-txt ng-binding\">Aparcamiento<\/span><\/div>\n<\/div>\n<div class=\"row detail\" style=\"text-align: center;\">\n<div class=\"col-xs-1\">&nbsp;<\/div>\n<div class=\"col-xs-11\"><span class=\"details-contact-txt hidden-xs ng-binding\">+34 928514400<\/span><\/div>\n<\/div>\n<div class=\"row detail\">\n<div class=\"col-xs-1\" style=\"text-align: center;\">&nbsp;<\/div>\n<div class=\"col-xs-11\" style=\"text-align: center;\"><span class=\"details-contact-txt\"><a class=\"ng-binding\" href=\"mailto:info@nautilus-lanzarote.com\">info@nautilus-lanzarote.com<\/a><\/span><\/div>\n<\/div>\n[\/et_pb_map_pin][\/et_pb_fullwidth_map][\/et_pb_section][et_pb_section fb_built=\u00bb1&#8243; _builder_version=\u00bb3.0.105&#8243; background_color=\u00bb#f4f4f4&#8243; custom_padding=\u00bb54px|0px|55px|0px|false|false\u00bb top_divider_height=\u00bb57px\u00bb bottom_divider_height=\u00bb57px\u00bb][et_pb_row _builder_version=\u00bb3.0.105&#8243; background_size=\u00bbinitial\u00bb background_position=\u00bbtop_left\u00bb background_repeat=\u00bbrepeat\u00bb][et_pb_column type=\u00bb4_4&#8243; _builder_version=\u00bb3.0.47&#8243; parallax=\u00bboff\u00bb parallax_method=\u00bbon\u00bb][et_pb_text _builder_version=\u00bb3.17.6&#8243; text_font=\u00bbMontserrat|300|||||||\u00bb header_font_size=\u00bb69px\u00bb header_text_shadow_style=\u00bbpreset1&#8243;]\n<p style=\"text-align: justify;\">Estamos ubicados a 150 metros de la playa, al lado del paseo mar\u00edtimo y del centro comercial de Matagorda. A tan solo 4,5 kms del aeropuerto:<\/p>\n<p style=\"text-align: justify;\"><strong>AUTOBUS<\/strong><\/p>\n<p style=\"text-align: justify;\">Hay transporte p\u00fablico desde el aeropuerto hasta Matagorda. La l\u00ednea de autob\u00fas 161 le llevar\u00e1 del aeropuerto a Puerto del Carmen, donde deber\u00e1 bajarse en la parada de Matagorda, que est\u00e1 a unos 15 minutos a pie de Nautilus Lanzarote.<\/p>\n<p style=\"text-align: justify;\"><strong>COCHE<\/strong><\/p>\n<p style=\"text-align: justify;\">Siga las indicaciones de Yaiza\/Puerto del Carmen (LZ 2) al salir del aeropuerto. En la siguiente se\u00f1al salga hacia Puerto del Carmen (LZ 40). Coja la primera salida desde esa Carretera (Matagorda\/Grandes Playas, LZ 506). Despu\u00e9s de la rotonda siga recto hacia Matagorda. Pasados unos 100 metros desv\u00edese a la derecha. En el stop, dir\u00edjase a la izquierda (Calle Malva) hasta el final y en el stop, dir\u00edjase a la derecha y despu\u00e9s m\u00e9tase en la primera calle a la izquierda: ya ha llegado a Nautilus Lanzarote.<\/p>\n<p style=\"text-align: justify;\">Si prefiere alquilar un coche, lo puede gestionar a trav\u00e9s de nosotros de manera que le recoja en el aeropuerto de Lanzarote. Para ello, por favor cont\u00e1ctenos a trav\u00e9s de <a href=\"mailto:info@nautilus-lanzaropte.com\">info@nautilus-lanzaropte.com<\/a><\/p>\n<p style=\"text-align: justify;\"><strong>TAXI<\/strong><\/p>\n<p style=\"text-align: justify;\">Hay una parada de taxis fuera de la zona de Llegadas.<\/p>\n<p style=\"text-align: justify;\"><strong>TRANSPORTE ADAPTADO<\/strong><\/p>\n<p style=\"text-align: justify;\">Puede reservar transporte adaptado con asistentes especiales. Para ello, por favor cont\u00e1ctenos a trav\u00e9s de <a href=\"mailto:info@nautilus-lanzarote.com\">info@nautilus-lanzarote.com<\/a><\/p>\n<p style=\"text-align: justify;\"><a href=\"mailto:info@nautilus-lanzarote.com\"><\/a><\/p>\n[\/et_pb_text][\/et_pb_column][\/et_pb_row][\/et_pb_section]\n","protected":false},"excerpt":{"rendered":"<p>NAUTILUS LANZAROTE ****Calle Gramillo, 5 Urb Matagorda, Puerto del Carmen, Lanzarote, Tias, 35510, Espa\u00f1a&nbsp;Aparcamiento&nbsp;+34 928514400&nbsp;info@nautilus-lanzarote.com Estamos ubicados a 150 metros de la playa, al lado del paseo mar\u00edtimo y del centro comercial de Matagorda. A tan solo 4,5 kms del aeropuerto: AUTOBUS Hay transporte p\u00fablico desde el aeropuerto hasta Matagorda. La l\u00ednea de autob\u00fas 161 [&hellip;]<\/p>\n","protected":false},"author":1,"featured_media":0,"parent":0,"menu_order":0,"comment_status":"closed","ping_status":"closed","template":"","meta":{"_et_pb_use_builder":"on","_et_pb_old_content":"<p>This is an example page. It's different from a blog post because it will stay in one place and will show up in your site navigation (in most themes). Most people start with an About page that introduces them to potential site visitors. It might say something like this:<\/p><blockquote><p>Hi there! I'm a bike messenger by day, aspiring actor by night, and this is my website. I live in Los Angeles, have a great dog named Jack, and I like pi\u00f1a coladas. (And gettin' caught in the rain.)<\/p><\/blockquote><p>...or something like this:<\/p><blockquote><p>The XYZ Doohickey Company was founded in 1971, and has been providing quality doohickeys to the public ever since. Located in Gotham City, XYZ employs over 2,000 people and does all kinds of awesome things for the Gotham community.<\/p><\/blockquote><p>As a new WordPress user, you should go to <a href=\"http:\/\/web.costasal.com\/wp-admin\/\">your dashboard<\/a> to delete this page and create new pages for your content. Have fun!<\/p><p>\u00a0<\/p><p>Lorem ipsum dolor sit amet, consectetur adipiscing elit. Ut viverra nec erat et elementum. Nunc cursus velit justo, id cursus orci tempus et. Suspendisse tristique, nisl a posuere consectetur, elit massa faucibus justo, at efficitur dui est sit amet sapien. Donec sagittis nibh non ex dictum vestibulum. Suspendisse scelerisque eros eget lacus convallis, vel viverra metus semper. Cras nibh dolor, viverra a blandit in, semper ac odio. Vestibulum aliquet consectetur tellus a gravida. Suspendisse sollicitudin nisi ut neque viverra pulvinar. Nulla varius nulla enim. Donec ut commodo nulla.<\/p><p>Duis ac ultricies mauris. Quisque porttitor lacinia feugiat. Quisque tempus gravida ex, sit amet gravida nisl interdum at. Pellentesque dapibus velit libero, ut dignissim sapien rhoncus a. Morbi tempor vel lectus a finibus. Nullam iaculis nulla sed eros efficitur imperdiet. Orci varius natoque penatibus et magnis dis parturient montes, nascetur ridiculus mus. Sed in mollis nisi. Praesent euismod sem arcu, efficitur pellentesque velit euismod sed. Aenean ac maximus odio. Fusce mattis vehicula urna, non rhoncus justo eleifend eu. Praesent fringilla tristique sapien eget dapibus. Aliquam lobortis felis quis feugiat tincidunt. Donec lobortis mi eu eros malesuada, fermentum hendrerit nulla bibendum. Nullam vel turpis et neque bibendum cursus.<\/p><p>Nulla facilisi. In venenatis posuere lacus, quis faucibus augue ultrices in. Etiam nec volutpat nibh. Mauris a turpis porttitor odio tincidunt rhoncus. Fusce efficitur eu magna sed dignissim. Sed sodales auctor varius. Ut id augue in lectus imperdiet interdum et ac risus. Aenean tempor nibh eget ex cursus convallis. Fusce non ultrices nisl, in rhoncus justo. Nullam ex magna, molestie ac magna non, aliquet tristique mi.<\/p><p>Ut rhoncus augue mi. Integer et magna venenatis, posuere odio quis, pharetra nunc. Nam facilisis tortor at est condimentum lobortis. In hac habitasse platea dictumst. Donec rhoncus maximus dui eget consequat. Curabitur ut lacinia ex. Praesent gravida aliquet urna, pulvinar dapibus eros lacinia non. Mauris tristique mattis diam ac aliquam.<\/p><p>Ut suscipit quis elit vel vestibulum. Vivamus turpis ex, blandit eu condimentum at, dignissim auctor nibh. Maecenas rhoncus elementum finibus. Aliquam tincidunt, nisi et condimentum scelerisque, urna velit bibendum sapien, in hendrerit nisl eros et mauris. Nulla euismod, lacus vel convallis euismod, nisl nibh pretium massa, ac consequat libero elit id augue. Duis in pharetra lorem. Pellentesque cursus ligula eu tellus vestibulum, ut interdum metus volutpat. Pellentesque luctus lorem odio, nec luctus turpis varius nec. Donec tellus erat, lobortis eget arcu ac, iaculis elementum neque. Class aptent taciti sociosqu ad litora torquent per conubia nostra, per inceptos himenaeos. Suspendisse pulvinar elit at suscipit ultrices.<\/p><p>\u00a0<\/p><p>Lorem ipsum dolor sit amet, consectetur adipiscing elit. Ut viverra nec erat et elementum. Nunc cursus velit justo, id cursus orci tempus et. Suspendisse tristique, nisl a posuere consectetur, elit massa faucibus justo, at efficitur dui est sit amet sapien. Donec sagittis nibh non ex dictum vestibulum. Suspendisse scelerisque eros eget lacus convallis, vel viverra metus semper. Cras nibh dolor, viverra a blandit in, semper ac odio. Vestibulum aliquet consectetur tellus a gravida. Suspendisse sollicitudin nisi ut neque viverra pulvinar. Nulla varius nulla enim. Donec ut commodo nulla.<\/p><p>Duis ac ultricies mauris. Quisque porttitor lacinia feugiat. Quisque tempus gravida ex, sit amet gravida nisl interdum at. Pellentesque dapibus velit libero, ut dignissim sapien rhoncus a. Morbi tempor vel lectus a finibus. Nullam iaculis nulla sed eros efficitur imperdiet. Orci varius natoque penatibus et magnis dis parturient montes, nascetur ridiculus mus. Sed in mollis nisi. Praesent euismod sem arcu, efficitur pellentesque velit euismod sed. Aenean ac maximus odio. Fusce mattis vehicula urna, non rhoncus justo eleifend eu. Praesent fringilla tristique sapien eget dapibus. Aliquam lobortis felis quis feugiat tincidunt. Donec lobortis mi eu eros malesuada, fermentum hendrerit nulla bibendum. Nullam vel turpis et neque bibendum cursus.<\/p><p>Nulla facilisi. In venenatis posuere lacus, quis faucibus augue ultrices in. Etiam nec volutpat nibh. Mauris a turpis porttitor odio tincidunt rhoncus. Fusce efficitur eu magna sed dignissim. Sed sodales auctor varius. Ut id augue in lectus imperdiet interdum et ac risus. Aenean tempor nibh eget ex cursus convallis. Fusce non ultrices nisl, in rhoncus justo. Nullam ex magna, molestie ac magna non, aliquet tristique mi.<\/p><p>Ut rhoncus augue mi. Integer et magna venenatis, posuere odio quis, pharetra nunc. Nam facilisis tortor at est condimentum lobortis. In hac habitasse platea dictumst. Donec rhoncus maximus dui eget consequat. Curabitur ut lacinia ex. Praesent gravida aliquet urna, pulvinar dapibus eros lacinia non. Mauris tristique mattis diam ac aliquam.<\/p><p>Ut suscipit quis elit vel vestibulum. Vivamus turpis ex, blandit eu condimentum at, dignissim auctor nibh. Maecenas rhoncus elementum finibus. Aliquam tincidunt, nisi et condimentum scelerisque, urna velit bibendum sapien, in hendrerit nisl eros et mauris. Nulla euismod, lacus vel convallis euismod, nisl nibh pretium massa, ac consequat libero elit id augue. Duis in pharetra lorem. Pellentesque cursus ligula eu tellus vestibulum, ut interdum metus volutpat. Pellentesque luctus lorem odio, nec luctus turpis varius nec. Donec tellus erat, lobortis eget arcu ac, iaculis elementum neque. Class aptent taciti sociosqu ad litora torquent per conubia nostra, per inceptos himenaeos. Suspendisse pulvinar elit at suscipit ultrices.<\/p>","_et_gb_content_width":"","footnotes":""},"class_list":["post-217219","page","type-page","status-publish","hentry"],"yoast_head":"<!-- This site is optimized with the Yoast SEO plugin v23.1 - https:\/\/yoast.com\/wordpress\/plugins\/seo\/ -->\n<title>Ubicaci\u00f3n - Nautilus Lanzarote ****<\/title>\n<meta name=\"robots\" content=\"index, follow, max-snippet:-1, max-image-preview:large, max-video-preview:-1\" \/>\n<link rel=\"canonical\" href=\"https:\/\/www.nautilus-lanzarote.com\/es\/location\/\" \/>\n<meta property=\"og:locale\" content=\"es_ES\" \/>\n<meta property=\"og:type\" content=\"article\" \/>\n<meta property=\"og:title\" content=\"Ubicaci\u00f3n - Nautilus Lanzarote ****\" \/>\n<meta property=\"og:description\" content=\"NAUTILUS LANZAROTE ****Calle Gramillo, 5 Urb Matagorda, Puerto del Carmen, Lanzarote, Tias, 35510, Espa\u00f1a&nbsp;Aparcamiento&nbsp;+34 928514400&nbsp;info@nautilus-lanzarote.com Estamos ubicados a 150 metros de la playa, al lado del paseo mar\u00edtimo y del centro comercial de Matagorda. A tan solo 4,5 kms del aeropuerto: AUTOBUS Hay transporte p\u00fablico desde el aeropuerto hasta Matagorda. La l\u00ednea de autob\u00fas 161 [&hellip;]\" \/>\n<meta property=\"og:url\" content=\"https:\/\/www.nautilus-lanzarote.com\/es\/location\/\" \/>\n<meta property=\"og:site_name\" content=\"Nautilus Lanzarote ****\" \/>\n<meta property=\"article:publisher\" content=\"http:\/\/www.facebook.com\/pages\/Nautilus-Lanzarote-ArtBiosphere-Bungalows\/116462161798049\" \/>\n<meta property=\"article:modified_time\" content=\"2020-02-12T10:13:47+00:00\" \/>\n<meta name=\"twitter:card\" content=\"summary_large_image\" \/>\n<meta name=\"twitter:site\" content=\"@NautilusLanza\" \/>\n<meta name=\"twitter:label1\" content=\"Tiempo de lectura\" \/>\n\t<meta name=\"twitter:data1\" content=\"2 minutos\" \/>\n<script type=\"application\/ld+json\" class=\"yoast-schema-graph\">{\"@context\":\"https:\/\/schema.org\",\"@graph\":[{\"@type\":\"WebPage\",\"@id\":\"https:\/\/www.nautilus-lanzarote.com\/es\/location\/\",\"url\":\"https:\/\/www.nautilus-lanzarote.com\/es\/location\/\",\"name\":\"Ubicaci\u00f3n - Nautilus Lanzarote ****\",\"isPartOf\":{\"@id\":\"https:\/\/www.nautilus-lanzarote.com\/es\/#website\"},\"datePublished\":\"2018-03-08T17:27:20+00:00\",\"dateModified\":\"2020-02-12T10:13:47+00:00\",\"breadcrumb\":{\"@id\":\"https:\/\/www.nautilus-lanzarote.com\/es\/location\/#breadcrumb\"},\"inLanguage\":\"es\",\"potentialAction\":[{\"@type\":\"ReadAction\",\"target\":[\"https:\/\/www.nautilus-lanzarote.com\/es\/location\/\"]}]},{\"@type\":\"BreadcrumbList\",\"@id\":\"https:\/\/www.nautilus-lanzarote.com\/es\/location\/#breadcrumb\",\"itemListElement\":[{\"@type\":\"ListItem\",\"position\":1,\"name\":\"Home\",\"item\":\"https:\/\/www.nautilus-lanzarote.com\/es\/\"},{\"@type\":\"ListItem\",\"position\":2,\"name\":\"Ubicaci\u00f3n\"}]},{\"@type\":\"WebSite\",\"@id\":\"https:\/\/www.nautilus-lanzarote.com\/es\/#website\",\"url\":\"https:\/\/www.nautilus-lanzarote.com\/es\/\",\"name\":\"Nautilus Lanzarote ****\",\"description\":\"Apartamentos Puerto del Carmen - Lanzarote - Accesibilidad\",\"publisher\":{\"@id\":\"https:\/\/www.nautilus-lanzarote.com\/es\/#organization\"},\"potentialAction\":[{\"@type\":\"SearchAction\",\"target\":{\"@type\":\"EntryPoint\",\"urlTemplate\":\"https:\/\/www.nautilus-lanzarote.com\/es\/?s={search_term_string}\"},\"query-input\":\"required name=search_term_string\"}],\"inLanguage\":\"es\"},{\"@type\":\"Organization\",\"@id\":\"https:\/\/www.nautilus-lanzarote.com\/es\/#organization\",\"name\":\"Nautilus Lanzarote ****\",\"url\":\"https:\/\/www.nautilus-lanzarote.com\/es\/\",\"logo\":{\"@type\":\"ImageObject\",\"inLanguage\":\"es\",\"@id\":\"https:\/\/www.nautilus-lanzarote.com\/es\/#\/schema\/logo\/image\/\",\"url\":\"https:\/\/www.nautilus-lanzarote.com\/wp-content\/uploads\/2019\/07\/logo.png\",\"contentUrl\":\"https:\/\/www.nautilus-lanzarote.com\/wp-content\/uploads\/2019\/07\/logo.png\",\"width\":230,\"height\":175,\"caption\":\"Nautilus Lanzarote ****\"},\"image\":{\"@id\":\"https:\/\/www.nautilus-lanzarote.com\/es\/#\/schema\/logo\/image\/\"},\"sameAs\":[\"http:\/\/www.facebook.com\/pages\/Nautilus-Lanzarote-ArtBiosphere-Bungalows\/116462161798049\",\"https:\/\/x.com\/NautilusLanza\",\"https:\/\/www.instagram.com\/nautiluslanzarote\",\"http:\/\/www.youtube.com\/NautilusLanzarote\"]}]}<\/script>\n<!-- \/ Yoast SEO plugin. -->","yoast_head_json":{"title":"Ubicaci\u00f3n - Nautilus Lanzarote ****","robots":{"index":"index","follow":"follow","max-snippet":"max-snippet:-1","max-image-preview":"max-image-preview:large","max-video-preview":"max-video-preview:-1"},"canonical":"https:\/\/www.nautilus-lanzarote.com\/es\/location\/","og_locale":"es_ES","og_type":"article","og_title":"Ubicaci\u00f3n - Nautilus Lanzarote ****","og_description":"NAUTILUS LANZAROTE ****Calle Gramillo, 5 Urb Matagorda, Puerto del Carmen, Lanzarote, Tias, 35510, Espa\u00f1a&nbsp;Aparcamiento&nbsp;+34 928514400&nbsp;info@nautilus-lanzarote.com Estamos ubicados a 150 metros de la playa, al lado del paseo mar\u00edtimo y del centro comercial de Matagorda. A tan solo 4,5 kms del aeropuerto: AUTOBUS Hay transporte p\u00fablico desde el aeropuerto hasta Matagorda. La l\u00ednea de autob\u00fas 161 [&hellip;]","og_url":"https:\/\/www.nautilus-lanzarote.com\/es\/location\/","og_site_name":"Nautilus Lanzarote ****","article_publisher":"http:\/\/www.facebook.com\/pages\/Nautilus-Lanzarote-ArtBiosphere-Bungalows\/116462161798049","article_modified_time":"2020-02-12T10:13:47+00:00","twitter_card":"summary_large_image","twitter_site":"@NautilusLanza","twitter_misc":{"Tiempo de lectura":"2 minutos"},"schema":{"@context":"https:\/\/schema.org","@graph":[{"@type":"WebPage","@id":"https:\/\/www.nautilus-lanzarote.com\/es\/location\/","url":"https:\/\/www.nautilus-lanzarote.com\/es\/location\/","name":"Ubicaci\u00f3n - Nautilus Lanzarote ****","isPartOf":{"@id":"https:\/\/www.nautilus-lanzarote.com\/es\/#website"},"datePublished":"2018-03-08T17:27:20+00:00","dateModified":"2020-02-12T10:13:47+00:00","breadcrumb":{"@id":"https:\/\/www.nautilus-lanzarote.com\/es\/location\/#breadcrumb"},"inLanguage":"es","potentialAction":[{"@type":"ReadAction","target":["https:\/\/www.nautilus-lanzarote.com\/es\/location\/"]}]},{"@type":"BreadcrumbList","@id":"https:\/\/www.nautilus-lanzarote.com\/es\/location\/#breadcrumb","itemListElement":[{"@type":"ListItem","position":1,"name":"Home","item":"https:\/\/www.nautilus-lanzarote.com\/es\/"},{"@type":"ListItem","position":2,"name":"Ubicaci\u00f3n"}]},{"@type":"WebSite","@id":"https:\/\/www.nautilus-lanzarote.com\/es\/#website","url":"https:\/\/www.nautilus-lanzarote.com\/es\/","name":"Nautilus Lanzarote ****","description":"Apartamentos Puerto del Carmen - Lanzarote - Accesibilidad","publisher":{"@id":"https:\/\/www.nautilus-lanzarote.com\/es\/#organization"},"potentialAction":[{"@type":"SearchAction","target":{"@type":"EntryPoint","urlTemplate":"https:\/\/www.nautilus-lanzarote.com\/es\/?s={search_term_string}"},"query-input":"required name=search_term_string"}],"inLanguage":"es"},{"@type":"Organization","@id":"https:\/\/www.nautilus-lanzarote.com\/es\/#organization","name":"Nautilus Lanzarote ****","url":"https:\/\/www.nautilus-lanzarote.com\/es\/","logo":{"@type":"ImageObject","inLanguage":"es","@id":"https:\/\/www.nautilus-lanzarote.com\/es\/#\/schema\/logo\/image\/","url":"https:\/\/www.nautilus-lanzarote.com\/wp-content\/uploads\/2019\/07\/logo.png","contentUrl":"https:\/\/www.nautilus-lanzarote.com\/wp-content\/uploads\/2019\/07\/logo.png","width":230,"height":175,"caption":"Nautilus Lanzarote ****"},"image":{"@id":"https:\/\/www.nautilus-lanzarote.com\/es\/#\/schema\/logo\/image\/"},"sameAs":["http:\/\/www.facebook.com\/pages\/Nautilus-Lanzarote-ArtBiosphere-Bungalows\/116462161798049","https:\/\/x.com\/NautilusLanza","https:\/\/www.instagram.com\/nautiluslanzarote","http:\/\/www.youtube.com\/NautilusLanzarote"]}]}},"_links":{"self":[{"href":"https:\/\/www.nautilus-lanzarote.com\/es\/wp-json\/wp\/v2\/pages\/217219","targetHints":{"allow":["GET"]}}],"collection":[{"href":"https:\/\/www.nautilus-lanzarote.com\/es\/wp-json\/wp\/v2\/pages"}],"about":[{"href":"https:\/\/www.nautilus-lanzarote.com\/es\/wp-json\/wp\/v2\/types\/page"}],"author":[{"embeddable":true,"href":"https:\/\/www.nautilus-lanzarote.com\/es\/wp-json\/wp\/v2\/users\/1"}],"replies":[{"embeddable":true,"href":"https:\/\/www.nautilus-lanzarote.com\/es\/wp-json\/wp\/v2\/comments?post=217219"}],"version-history":[{"count":0,"href":"https:\/\/www.nautilus-lanzarote.com\/es\/wp-json\/wp\/v2\/pages\/217219\/revisions"}],"wp:attachment":[{"href":"https:\/\/www.nautilus-lanzarote.com\/es\/wp-json\/wp\/v2\/media?parent=217219"}],"curies":[{"name":"wp","href":"https:\/\/api.w.org\/{rel}","templated":true}]}}