{"id":219886,"date":"2020-07-09T20:55:02","date_gmt":"2020-07-09T20:55:02","guid":{"rendered":"https:\/\/www.nautilus-lanzarote.com\/reservation-policy\/"},"modified":"2022-03-23T15:21:13","modified_gmt":"2022-03-23T15:21:13","slug":"reservation-policy","status":"publish","type":"page","link":"https:\/\/www.nautilus-lanzarote.com\/de\/reservation-policy\/","title":{"rendered":"Reservierungspolitik"},"content":{"rendered":"[et_pb_section fb_built=&#8220;1&#8243; admin_label=&#8220;section&#8220; _builder_version=&#8220;3.22&#8243; global_colors_info=&#8220;{}&#8220;][et_pb_row admin_label=&#8220;row&#8220; _builder_version=&#8220;3.25&#8243; background_size=&#8220;initial&#8220; background_position=&#8220;top_left&#8220; background_repeat=&#8220;repeat&#8220; global_colors_info=&#8220;{}&#8220;][et_pb_column type=&#8220;4_4&#8243; _builder_version=&#8220;3.25&#8243; custom_padding=&#8220;|||&#8220; global_colors_info=&#8220;{}&#8220; custom_padding__hover=&#8220;|||&#8220;][et_pb_text _builder_version=&#8220;4.14.7&#8243; background_size=&#8220;initial&#8220; background_position=&#8220;top_left&#8220; background_repeat=&#8220;repeat&#8220; hover_enabled=&#8220;0&#8243; global_colors_info=&#8220;{}&#8220; sticky_enabled=&#8220;0&#8243;]\n<p><strong>RESERVIERUNGSPOLITIK<\/strong><\/p>\n<p><strong>Check-in:<\/strong> 16.00 Uhr<\/p>\n<p><strong>Check-out:<\/strong> 12\u00a0Uhr<\/p>\n<p><strong>Anzahlung:\u00a0<\/strong>Zur Best\u00e4tigung Ihrer Reservierung bitten wir Sie um Eine Anzahlung in H\u00f6he von 100\u00a0% der ersten Nacht.<\/p>\n<p>Falls die Dauer der Buchung eine Nacht ist, m\u00fcssen Sie 100\u00a0% der Nacht bezahlen<\/p>\n<p><strong>Stornierungen: <\/strong>Bei Stornierung mit mindestens 3 Tagen vor der Anreise wird der Betrag vollst\u00e4ndig zur\u00fcckerstattet.<\/p>\n<p>Bei Stornierung innerhalb von 3 Tagen vor der Anreise oder Nichterscheinen, zahlt Nautilus Lanzarote den gezahlten Betrag nicht zur\u00fcck, der 100 % f\u00fcr die erste Nacht entspricht.<\/p>\n<p>Bitte wenden Sie sich an die Rezeption unter\u00a0<a href=\"mailto:info@nautilus-lanzarote.com\">info@nautilus-lanzarote.com<\/a>, falls Sie Ihre Reservierung stornieren m\u00f6chten.<\/p>\n<p><strong>Zahlungen: <\/strong>Gem\u00e4\u00df unseren Gesch\u00e4ftsbedingungen muss die Zahlung des Restbetrags bei der Ankunft erfolgen. Alle zus\u00e4tzlichen Kosten, die w\u00e4hrend des Aufenthalts anfallen, m\u00fcssen drei Tage vor der Abreise gezahlt werden.<\/p>\n<p><strong>Personenbezogene Daten<\/strong>: Unter folgendem Link finden Sie die Bestimmungen zur Verarbeitung der personenbezogenen Daten.<\/p>\n[\/et_pb_text][\/et_pb_column][\/et_pb_row][\/et_pb_section]\n","protected":false},"excerpt":{"rendered":"<p>RESERVIERUNGSPOLITIK Check-in: 16.00 Uhr Check-out: 12\u00a0Uhr Anzahlung:\u00a0Zur Best\u00e4tigung Ihrer Reservierung bitten wir Sie um Eine Anzahlung in H\u00f6he von 100\u00a0% der ersten Nacht. Falls die Dauer der Buchung eine Nacht ist, m\u00fcssen Sie 100\u00a0% der Nacht bezahlen Stornierungen: Bei Stornierung mit mindestens 3 Tagen vor der Anreise wird der Betrag vollst\u00e4ndig zur\u00fcckerstattet. Bei Stornierung innerhalb [&hellip;]<\/p>\n","protected":false},"author":1,"featured_media":0,"parent":0,"menu_order":0,"comment_status":"closed","ping_status":"closed","template":"","meta":{"_et_pb_use_builder":"on","_et_pb_old_content":"<strong>POLITICA DE RESERVAS<\/strong>\r\n\r\n<strong>Entradas:<\/strong> A partir de las 16:00\r\n\r\n<strong>Salidas: <\/strong>Hasta las 12:00\r\n\r\n<strong>Dep\u00f3sito:<\/strong> Para poder confirmar su reserva, Usted debe pagar un dep\u00f3sito correspondiente al 100% de la primera noche. Por lo tanto, si la duraci\u00f3n de la reserva es de 1 una noche deber\u00e1 pagar el 100% de la noche.\r\n\r\n<strong>Cancelaciones:<\/strong> Si cancela hasta 7 d\u00edas antes de la fecha de llegada se le devolver\u00e1 todo el importe pagado.\r\n\r\nSi cancela m\u00e1s all\u00e1 de 7 d\u00edas antes de la fecha de llegada o si no se presenta, Nautilus Lanzarote se quedar\u00e1 con el dep\u00f3sito, es decir con el 100% de la primera noche de alojamiento.\r\n\r\nEn caso de querer cancelar su reserva contactar con el personal de recepci\u00f3n a trav\u00e9s de <a href=\"mailto:info@nautilus-lanzarote.com\">info@nautilus-lanzarote.com<\/a>\r\n\r\n<strong>Pagos:<\/strong> De acuerdo con nuestra pol\u00edtica, es necesario pagar el resto de la estancia a la entrada. Cualquier gasto a\u00f1adido durante la estancia ha de ser abonado 3 d\u00edas antes de la salida.\r\n\r\n<strong>Datos personales:<\/strong> Entre en \u201cT\u00e9rminos y condiciones\u201d para conocer las normas aplicables a protecci\u00f3n de datos personales","_et_gb_content_width":"","footnotes":""},"class_list":["post-219886","page","type-page","status-publish","hentry"],"yoast_head":"<!-- This site is optimized with the Yoast SEO plugin v23.1 - https:\/\/yoast.com\/wordpress\/plugins\/seo\/ -->\n<title>Reservierungspolitik - Nautilus Lanzarote ****<\/title>\n<meta name=\"robots\" content=\"index, follow, max-snippet:-1, max-image-preview:large, max-video-preview:-1\" \/>\n<link rel=\"canonical\" href=\"https:\/\/www.nautilus-lanzarote.com\/de\/reservation-policy\/\" \/>\n<meta property=\"og:locale\" content=\"de_DE\" \/>\n<meta property=\"og:type\" content=\"article\" \/>\n<meta property=\"og:title\" content=\"Reservierungspolitik - Nautilus Lanzarote ****\" \/>\n<meta property=\"og:description\" content=\"RESERVIERUNGSPOLITIK Check-in: 16.00 Uhr Check-out: 12\u00a0Uhr Anzahlung:\u00a0Zur Best\u00e4tigung Ihrer Reservierung bitten wir Sie um Eine Anzahlung in H\u00f6he von 100\u00a0% der ersten Nacht. Falls die Dauer der Buchung eine Nacht ist, m\u00fcssen Sie 100\u00a0% der Nacht bezahlen Stornierungen: Bei Stornierung mit mindestens 3 Tagen vor der Anreise wird der Betrag vollst\u00e4ndig zur\u00fcckerstattet. Bei Stornierung innerhalb [&hellip;]\" \/>\n<meta property=\"og:url\" content=\"https:\/\/www.nautilus-lanzarote.com\/de\/reservation-policy\/\" \/>\n<meta property=\"og:site_name\" content=\"Nautilus Lanzarote ****\" \/>\n<meta property=\"article:publisher\" content=\"http:\/\/www.facebook.com\/pages\/Nautilus-Lanzarote-ArtBiosphere-Bungalows\/116462161798049\" \/>\n<meta property=\"article:modified_time\" content=\"2022-03-23T15:21:13+00:00\" \/>\n<meta name=\"twitter:card\" content=\"summary_large_image\" \/>\n<meta name=\"twitter:site\" content=\"@NautilusLanza\" \/>\n<meta name=\"twitter:label1\" content=\"Gesch\u00e4tzte Lesezeit\" \/>\n\t<meta name=\"twitter:data1\" content=\"1\u00a0Minute\" \/>\n<script type=\"application\/ld+json\" class=\"yoast-schema-graph\">{\"@context\":\"https:\/\/schema.org\",\"@graph\":[{\"@type\":\"WebPage\",\"@id\":\"https:\/\/www.nautilus-lanzarote.com\/de\/reservation-policy\/\",\"url\":\"https:\/\/www.nautilus-lanzarote.com\/de\/reservation-policy\/\",\"name\":\"Reservierungspolitik - Nautilus Lanzarote ****\",\"isPartOf\":{\"@id\":\"https:\/\/www.nautilus-lanzarote.com\/de\/#website\"},\"datePublished\":\"2020-07-09T20:55:02+00:00\",\"dateModified\":\"2022-03-23T15:21:13+00:00\",\"breadcrumb\":{\"@id\":\"https:\/\/www.nautilus-lanzarote.com\/de\/reservation-policy\/#breadcrumb\"},\"inLanguage\":\"de\",\"potentialAction\":[{\"@type\":\"ReadAction\",\"target\":[\"https:\/\/www.nautilus-lanzarote.com\/de\/reservation-policy\/\"]}]},{\"@type\":\"BreadcrumbList\",\"@id\":\"https:\/\/www.nautilus-lanzarote.com\/de\/reservation-policy\/#breadcrumb\",\"itemListElement\":[{\"@type\":\"ListItem\",\"position\":1,\"name\":\"Home\",\"item\":\"https:\/\/www.nautilus-lanzarote.com\/de\/\"},{\"@type\":\"ListItem\",\"position\":2,\"name\":\"Reservierungspolitik\"}]},{\"@type\":\"WebSite\",\"@id\":\"https:\/\/www.nautilus-lanzarote.com\/de\/#website\",\"url\":\"https:\/\/www.nautilus-lanzarote.com\/de\/\",\"name\":\"Nautilus Lanzarote ****\",\"description\":\"Apartamentos Puerto del Carmen - Lanzarote - Accesibilidad\",\"publisher\":{\"@id\":\"https:\/\/www.nautilus-lanzarote.com\/de\/#organization\"},\"potentialAction\":[{\"@type\":\"SearchAction\",\"target\":{\"@type\":\"EntryPoint\",\"urlTemplate\":\"https:\/\/www.nautilus-lanzarote.com\/de\/?s={search_term_string}\"},\"query-input\":\"required name=search_term_string\"}],\"inLanguage\":\"de\"},{\"@type\":\"Organization\",\"@id\":\"https:\/\/www.nautilus-lanzarote.com\/de\/#organization\",\"name\":\"Nautilus Lanzarote ****\",\"url\":\"https:\/\/www.nautilus-lanzarote.com\/de\/\",\"logo\":{\"@type\":\"ImageObject\",\"inLanguage\":\"de\",\"@id\":\"https:\/\/www.nautilus-lanzarote.com\/de\/#\/schema\/logo\/image\/\",\"url\":\"https:\/\/www.nautilus-lanzarote.com\/wp-content\/uploads\/2019\/07\/logo.png\",\"contentUrl\":\"https:\/\/www.nautilus-lanzarote.com\/wp-content\/uploads\/2019\/07\/logo.png\",\"width\":230,\"height\":175,\"caption\":\"Nautilus Lanzarote ****\"},\"image\":{\"@id\":\"https:\/\/www.nautilus-lanzarote.com\/de\/#\/schema\/logo\/image\/\"},\"sameAs\":[\"http:\/\/www.facebook.com\/pages\/Nautilus-Lanzarote-ArtBiosphere-Bungalows\/116462161798049\",\"https:\/\/x.com\/NautilusLanza\",\"https:\/\/www.instagram.com\/nautiluslanzarote\",\"http:\/\/www.youtube.com\/NautilusLanzarote\"]}]}<\/script>\n<!-- \/ Yoast SEO plugin. -->","yoast_head_json":{"title":"Reservierungspolitik - Nautilus Lanzarote ****","robots":{"index":"index","follow":"follow","max-snippet":"max-snippet:-1","max-image-preview":"max-image-preview:large","max-video-preview":"max-video-preview:-1"},"canonical":"https:\/\/www.nautilus-lanzarote.com\/de\/reservation-policy\/","og_locale":"de_DE","og_type":"article","og_title":"Reservierungspolitik - Nautilus Lanzarote ****","og_description":"RESERVIERUNGSPOLITIK Check-in: 16.00 Uhr Check-out: 12\u00a0Uhr Anzahlung:\u00a0Zur Best\u00e4tigung Ihrer Reservierung bitten wir Sie um Eine Anzahlung in H\u00f6he von 100\u00a0% der ersten Nacht. Falls die Dauer der Buchung eine Nacht ist, m\u00fcssen Sie 100\u00a0% der Nacht bezahlen Stornierungen: Bei Stornierung mit mindestens 3 Tagen vor der Anreise wird der Betrag vollst\u00e4ndig zur\u00fcckerstattet. Bei Stornierung innerhalb [&hellip;]","og_url":"https:\/\/www.nautilus-lanzarote.com\/de\/reservation-policy\/","og_site_name":"Nautilus Lanzarote ****","article_publisher":"http:\/\/www.facebook.com\/pages\/Nautilus-Lanzarote-ArtBiosphere-Bungalows\/116462161798049","article_modified_time":"2022-03-23T15:21:13+00:00","twitter_card":"summary_large_image","twitter_site":"@NautilusLanza","twitter_misc":{"Gesch\u00e4tzte Lesezeit":"1\u00a0Minute"},"schema":{"@context":"https:\/\/schema.org","@graph":[{"@type":"WebPage","@id":"https:\/\/www.nautilus-lanzarote.com\/de\/reservation-policy\/","url":"https:\/\/www.nautilus-lanzarote.com\/de\/reservation-policy\/","name":"Reservierungspolitik - Nautilus Lanzarote ****","isPartOf":{"@id":"https:\/\/www.nautilus-lanzarote.com\/de\/#website"},"datePublished":"2020-07-09T20:55:02+00:00","dateModified":"2022-03-23T15:21:13+00:00","breadcrumb":{"@id":"https:\/\/www.nautilus-lanzarote.com\/de\/reservation-policy\/#breadcrumb"},"inLanguage":"de","potentialAction":[{"@type":"ReadAction","target":["https:\/\/www.nautilus-lanzarote.com\/de\/reservation-policy\/"]}]},{"@type":"BreadcrumbList","@id":"https:\/\/www.nautilus-lanzarote.com\/de\/reservation-policy\/#breadcrumb","itemListElement":[{"@type":"ListItem","position":1,"name":"Home","item":"https:\/\/www.nautilus-lanzarote.com\/de\/"},{"@type":"ListItem","position":2,"name":"Reservierungspolitik"}]},{"@type":"WebSite","@id":"https:\/\/www.nautilus-lanzarote.com\/de\/#website","url":"https:\/\/www.nautilus-lanzarote.com\/de\/","name":"Nautilus Lanzarote ****","description":"Apartamentos Puerto del Carmen - Lanzarote - Accesibilidad","publisher":{"@id":"https:\/\/www.nautilus-lanzarote.com\/de\/#organization"},"potentialAction":[{"@type":"SearchAction","target":{"@type":"EntryPoint","urlTemplate":"https:\/\/www.nautilus-lanzarote.com\/de\/?s={search_term_string}"},"query-input":"required name=search_term_string"}],"inLanguage":"de"},{"@type":"Organization","@id":"https:\/\/www.nautilus-lanzarote.com\/de\/#organization","name":"Nautilus Lanzarote ****","url":"https:\/\/www.nautilus-lanzarote.com\/de\/","logo":{"@type":"ImageObject","inLanguage":"de","@id":"https:\/\/www.nautilus-lanzarote.com\/de\/#\/schema\/logo\/image\/","url":"https:\/\/www.nautilus-lanzarote.com\/wp-content\/uploads\/2019\/07\/logo.png","contentUrl":"https:\/\/www.nautilus-lanzarote.com\/wp-content\/uploads\/2019\/07\/logo.png","width":230,"height":175,"caption":"Nautilus Lanzarote ****"},"image":{"@id":"https:\/\/www.nautilus-lanzarote.com\/de\/#\/schema\/logo\/image\/"},"sameAs":["http:\/\/www.facebook.com\/pages\/Nautilus-Lanzarote-ArtBiosphere-Bungalows\/116462161798049","https:\/\/x.com\/NautilusLanza","https:\/\/www.instagram.com\/nautiluslanzarote","http:\/\/www.youtube.com\/NautilusLanzarote"]}]}},"_links":{"self":[{"href":"https:\/\/www.nautilus-lanzarote.com\/de\/wp-json\/wp\/v2\/pages\/219886","targetHints":{"allow":["GET"]}}],"collection":[{"href":"https:\/\/www.nautilus-lanzarote.com\/de\/wp-json\/wp\/v2\/pages"}],"about":[{"href":"https:\/\/www.nautilus-lanzarote.com\/de\/wp-json\/wp\/v2\/types\/page"}],"author":[{"embeddable":true,"href":"https:\/\/www.nautilus-lanzarote.com\/de\/wp-json\/wp\/v2\/users\/1"}],"replies":[{"embeddable":true,"href":"https:\/\/www.nautilus-lanzarote.com\/de\/wp-json\/wp\/v2\/comments?post=219886"}],"version-history":[{"count":0,"href":"https:\/\/www.nautilus-lanzarote.com\/de\/wp-json\/wp\/v2\/pages\/219886\/revisions"}],"wp:attachment":[{"href":"https:\/\/www.nautilus-lanzarote.com\/de\/wp-json\/wp\/v2\/media?parent=219886"}],"curies":[{"name":"wp","href":"https:\/\/api.w.org\/{rel}","templated":true}]}}